{"id":30171,"date":"2024-12-12T17:30:22","date_gmt":"2024-12-12T16:30:22","guid":{"rendered":"https:\/\/sagavinaestartit.com\/assurance-annulation\/"},"modified":"2025-02-03T12:35:24","modified_gmt":"2025-02-03T11:35:24","slug":"assurance-annulation","status":"publish","type":"page","link":"https:\/\/sagavinaestartit.com\/fr\/assurance-annulation\/","title":{"rendered":"ASSURANCE ANNULATION"},"content":{"rendered":"<div class=\"fusion-fullwidth fullwidth-box fusion-builder-row-1 fusion-flex-container nonhundred-percent-fullwidth non-hundred-percent-height-scrolling\" style=\"--awb-background-position:left top;--awb-border-sizes-top:0px;--awb-border-sizes-bottom:0px;--awb-border-sizes-left:0px;--awb-border-sizes-right:0px;--awb-border-radius-top-left:0px;--awb-border-radius-top-right:0px;--awb-border-radius-bottom-right:0px;--awb-border-radius-bottom-left:0px;--awb-padding-top:0px;--awb-padding-bottom:0px;--awb-padding-bottom-medium:40px;--awb-padding-bottom-small:40px;--awb-flex-wrap:wrap;\" ><div class=\"fusion-builder-row fusion-row fusion-flex-align-items-stretch fusion-flex-content-wrap\" style=\"max-width:1216.8px;margin-left: calc(-4% \/ 2 );margin-right: calc(-4% \/ 2 );\"><div class=\"fusion-layout-column fusion_builder_column fusion-builder-column-0 fusion_builder_column_1_1 1_1 fusion-flex-column\" style=\"--awb-bg-position:right bottom;--awb-bg-blend:overlay;--awb-bg-size:cover;--awb-width-large:100%;--awb-margin-top-large:0px;--awb-spacing-right-large:1.28%;--awb-margin-bottom-large:20px;--awb-spacing-left-large:1.92%;--awb-width-medium:100%;--awb-spacing-right-medium:1.28%;--awb-spacing-left-medium:1.92%;--awb-width-small:100%;--awb-spacing-right-small:1.92%;--awb-margin-bottom-small:30p40px;--awb-spacing-left-small:1.92%;\"><div class=\"fusion-column-wrapper fusion-flex-justify-content-flex-start fusion-content-layout-column\"><div class=\"fusion-text fusion-text-1\"><p><b>Si vous r\u00e9servez via notre site Web, vous avez moins de soucis!<\/b><\/p>\n<p>Nous vous facilitons la souscription d\u2019une assurance annulation personnelle pour votre r\u00e9servation qui inclut les maladies graves (compris Covid-19 via un test PCR positif et \/ ou une ordonnance officielle d\u2019isolement m\u00e9dical), les blessures corporelles, la mise \u00e0 pied, etc. Jusqu\u2019\u00e0 28 causes d\u2019annulation. <\/p>\n<p><b>L\u2019assurance annulation couvre:<\/b><\/p>\n<p>\u00b7 Remboursement du paiement d\u2019annulation de r\u00e9servation. \u00b7 Retour anticip\u00e9, par exemple en raison d\u2019une hospitalisation et \/ ou du d\u00e9c\u00e8s d\u2019un membre de la famille.<\/p>\n<p><span style=\"color: #3366ff;\"><strong><a href=\"https:\/\/sagavina1.attis-insurance.com\/condiciones\/condiciones-es.pdf\" target=\"_blank\" rel=\"noopener\">Consultez ici les cas et conditions couverts<\/a><\/strong><\/span><\/p>\n<p><span style=\"color: #3366ff;\"><strong>Le co\u00fbt total de l\u2019assurance est d\u2019environ 4% du prix total de la r\u00e9servation<\/strong><\/span><\/p>\n<p><strong>ATTENTION:<\/strong><\/p>\n<ul>\n<li>Nous vous recommandons de souscrire une assurance annulation le jour m\u00eame de la r\u00e9servation via le lien fourni dans la confirmation de r\u00e9servation envoy\u00e9e par email. <strong>\u00c0 la fin du processus de r\u00e9servation, vous recevrez une confirmation de votre r\u00e9servation et l&rsquo;adresse \u00e0 laquelle vous pourrez souscrire votre police d&rsquo;assurance.<\/strong><\/li>\n<li><b>L&rsquo;assurance annulation peut \u00eatre souscrite jusqu&rsquo;\u00e0 21 jours avant l&rsquo;arriv\u00e9e.<\/b> Les r\u00e9servations effectu\u00e9es moins de 21 jours avant la date d&rsquo;arriv\u00e9e ne sont pas \u00e9ligibles \u00e0 cette assurance.<\/li>\n<li><b>Vous recevrez les documents d&rsquo;assurance 24 heures plus tard par e-mail<\/b>, du lundi au jeudi. Si vous souscrivez l&rsquo;assurance du vendredi au dimanche, vous recevrez les documents le lundi. <\/li>\n<li>Le co\u00fbt de l&rsquo;assurance n&rsquo;est pas remboursable et son contrat n&rsquo;est pas inclusif. Le client d\u00e9cide de contracter ou non l&rsquo;assurance dans les d\u00e9lais indiqu\u00e9s dans la police. Le contrat et le paiement seront effectu\u00e9s sur le site web du courtier en assurances (ATTIS L&rsquo;HOTELLERIE &#8211; Corredur\u00eda de Seguros, S.L). <\/li>\n<li>Les ordres de confinement, les recommandations de voyage ou les fermetures de p\u00e9rim\u00e8tre ne sont pas des causes d\u2019annulation incluses couvertes par cette assurance.<\/li>\n<\/ul>\n<p>En cas de doute, veuillez consulter les conditions et modalit\u00e9s de l\u2019assurance.<\/p>\n<\/div><div class=\"fusion-separator fusion-full-width-sep\" style=\"align-self: center;margin-left: auto;margin-right: auto;margin-top:25px;width:100%;\"><\/div><\/div><\/div><\/div><\/div>\n","protected":false},"excerpt":{"rendered":"","protected":false},"author":1,"featured_media":4200,"parent":0,"menu_order":0,"comment_status":"open","ping_status":"closed","template":"100-width.php","meta":{"footnotes":""},"class_list":["post-30171","page","type-page","status-publish","has-post-thumbnail","hentry"],"yoast_head":"<!-- This site is optimized with the Yoast SEO plugin v27.1.1 - https:\/\/yoast.com\/product\/yoast-seo-wordpress\/ -->\n<title>ASSURANCE ANNULATION | Sa Gavina Apartaments<\/title>\n<meta name=\"robots\" content=\"index, follow, max-snippet:-1, max-image-preview:large, max-video-preview:-1\" \/>\n<link rel=\"canonical\" href=\"https:\/\/sagavinaestartit.com\/fr\/assurance-annulation\/\" \/>\n<meta property=\"og:locale\" content=\"fr_FR\" \/>\n<meta property=\"og:type\" content=\"article\" \/>\n<meta property=\"og:title\" content=\"ASSURANCE ANNULATION | Sa Gavina Apartaments\" \/>\n<meta property=\"og:url\" content=\"https:\/\/sagavinaestartit.com\/fr\/assurance-annulation\/\" \/>\n<meta property=\"og:site_name\" content=\"Sa Gavina Apartaments\" \/>\n<meta property=\"article:modified_time\" content=\"2025-02-03T11:35:24+00:00\" \/>\n<meta property=\"og:image\" content=\"https:\/\/sagavinaestartit.com\/wp-content\/uploads\/2024\/12\/header_title.png\" \/>\n\t<meta property=\"og:image:width\" content=\"2000\" \/>\n\t<meta property=\"og:image:height\" content=\"500\" \/>\n\t<meta property=\"og:image:type\" content=\"image\/png\" \/>\n<meta name=\"twitter:card\" content=\"summary_large_image\" \/>\n<meta name=\"twitter:label1\" content=\"Dur\u00e9e de lecture estim\u00e9e\" \/>\n\t<meta name=\"twitter:data1\" content=\"3 minutes\" \/>\n<script type=\"application\/ld+json\" class=\"yoast-schema-graph\">{\"@context\":\"https:\/\/schema.org\",\"@graph\":[{\"@type\":\"WebPage\",\"@id\":\"https:\/\/sagavinaestartit.com\/fr\/assurance-annulation\/\",\"url\":\"https:\/\/sagavinaestartit.com\/fr\/assurance-annulation\/\",\"name\":\"ASSURANCE ANNULATION | Sa Gavina Apartaments\",\"isPartOf\":{\"@id\":\"https:\/\/sagavinaestartit.com\/fr\/#website\"},\"primaryImageOfPage\":{\"@id\":\"https:\/\/sagavinaestartit.com\/fr\/assurance-annulation\/#primaryimage\"},\"image\":{\"@id\":\"https:\/\/sagavinaestartit.com\/fr\/assurance-annulation\/#primaryimage\"},\"thumbnailUrl\":\"https:\/\/sagavinaestartit.com\/wp-content\/uploads\/2024\/12\/header_title.png\",\"datePublished\":\"2024-12-12T16:30:22+00:00\",\"dateModified\":\"2025-02-03T11:35:24+00:00\",\"breadcrumb\":{\"@id\":\"https:\/\/sagavinaestartit.com\/fr\/assurance-annulation\/#breadcrumb\"},\"inLanguage\":\"fr-FR\",\"potentialAction\":[{\"@type\":\"ReadAction\",\"target\":[\"https:\/\/sagavinaestartit.com\/fr\/assurance-annulation\/\"]}]},{\"@type\":\"ImageObject\",\"inLanguage\":\"fr-FR\",\"@id\":\"https:\/\/sagavinaestartit.com\/fr\/assurance-annulation\/#primaryimage\",\"url\":\"https:\/\/sagavinaestartit.com\/wp-content\/uploads\/2024\/12\/header_title.png\",\"contentUrl\":\"https:\/\/sagavinaestartit.com\/wp-content\/uploads\/2024\/12\/header_title.png\",\"width\":2000,\"height\":500,\"caption\":\"apartamentos estartit\"},{\"@type\":\"BreadcrumbList\",\"@id\":\"https:\/\/sagavinaestartit.com\/fr\/assurance-annulation\/#breadcrumb\",\"itemListElement\":[{\"@type\":\"ListItem\",\"position\":1,\"name\":\"Portada\",\"item\":\"https:\/\/sagavinaestartit.com\/fr\/home\/\"},{\"@type\":\"ListItem\",\"position\":2,\"name\":\"ASSURANCE ANNULATION\"}]},{\"@type\":\"WebSite\",\"@id\":\"https:\/\/sagavinaestartit.com\/fr\/#website\",\"url\":\"https:\/\/sagavinaestartit.com\/fr\/\",\"name\":\"Sa Gavina Apartaments\",\"description\":\"Sa Gavina Apartments\",\"publisher\":{\"@id\":\"https:\/\/sagavinaestartit.com\/fr\/#organization\"},\"potentialAction\":[{\"@type\":\"SearchAction\",\"target\":{\"@type\":\"EntryPoint\",\"urlTemplate\":\"https:\/\/sagavinaestartit.com\/fr\/?s={search_term_string}\"},\"query-input\":{\"@type\":\"PropertyValueSpecification\",\"valueRequired\":true,\"valueName\":\"search_term_string\"}}],\"inLanguage\":\"fr-FR\"},{\"@type\":\"Organization\",\"@id\":\"https:\/\/sagavinaestartit.com\/fr\/#organization\",\"name\":\"Sa Gavina Apartments\",\"url\":\"https:\/\/sagavinaestartit.com\/fr\/\",\"logo\":{\"@type\":\"ImageObject\",\"inLanguage\":\"fr-FR\",\"@id\":\"https:\/\/sagavinaestartit.com\/fr\/#\/schema\/logo\/image\/\",\"url\":\"https:\/\/sagavinaestartit.com\/wp-content\/uploads\/2024\/12\/3-1.png\",\"contentUrl\":\"https:\/\/sagavinaestartit.com\/wp-content\/uploads\/2024\/12\/3-1.png\",\"width\":500,\"height\":200,\"caption\":\"Sa Gavina Apartments\"},\"image\":{\"@id\":\"https:\/\/sagavinaestartit.com\/fr\/#\/schema\/logo\/image\/\"}}]}<\/script>\n<!-- \/ Yoast SEO plugin. -->","yoast_head_json":{"title":"ASSURANCE ANNULATION | Sa Gavina Apartaments","robots":{"index":"index","follow":"follow","max-snippet":"max-snippet:-1","max-image-preview":"max-image-preview:large","max-video-preview":"max-video-preview:-1"},"canonical":"https:\/\/sagavinaestartit.com\/fr\/assurance-annulation\/","og_locale":"fr_FR","og_type":"article","og_title":"ASSURANCE ANNULATION | Sa Gavina Apartaments","og_url":"https:\/\/sagavinaestartit.com\/fr\/assurance-annulation\/","og_site_name":"Sa Gavina Apartaments","article_modified_time":"2025-02-03T11:35:24+00:00","og_image":[{"width":2000,"height":500,"url":"https:\/\/sagavinaestartit.com\/wp-content\/uploads\/2024\/12\/header_title.png","type":"image\/png"}],"twitter_card":"summary_large_image","twitter_misc":{"Dur\u00e9e de lecture estim\u00e9e":"3 minutes"},"schema":{"@context":"https:\/\/schema.org","@graph":[{"@type":"WebPage","@id":"https:\/\/sagavinaestartit.com\/fr\/assurance-annulation\/","url":"https:\/\/sagavinaestartit.com\/fr\/assurance-annulation\/","name":"ASSURANCE ANNULATION | Sa Gavina Apartaments","isPartOf":{"@id":"https:\/\/sagavinaestartit.com\/fr\/#website"},"primaryImageOfPage":{"@id":"https:\/\/sagavinaestartit.com\/fr\/assurance-annulation\/#primaryimage"},"image":{"@id":"https:\/\/sagavinaestartit.com\/fr\/assurance-annulation\/#primaryimage"},"thumbnailUrl":"https:\/\/sagavinaestartit.com\/wp-content\/uploads\/2024\/12\/header_title.png","datePublished":"2024-12-12T16:30:22+00:00","dateModified":"2025-02-03T11:35:24+00:00","breadcrumb":{"@id":"https:\/\/sagavinaestartit.com\/fr\/assurance-annulation\/#breadcrumb"},"inLanguage":"fr-FR","potentialAction":[{"@type":"ReadAction","target":["https:\/\/sagavinaestartit.com\/fr\/assurance-annulation\/"]}]},{"@type":"ImageObject","inLanguage":"fr-FR","@id":"https:\/\/sagavinaestartit.com\/fr\/assurance-annulation\/#primaryimage","url":"https:\/\/sagavinaestartit.com\/wp-content\/uploads\/2024\/12\/header_title.png","contentUrl":"https:\/\/sagavinaestartit.com\/wp-content\/uploads\/2024\/12\/header_title.png","width":2000,"height":500,"caption":"apartamentos estartit"},{"@type":"BreadcrumbList","@id":"https:\/\/sagavinaestartit.com\/fr\/assurance-annulation\/#breadcrumb","itemListElement":[{"@type":"ListItem","position":1,"name":"Portada","item":"https:\/\/sagavinaestartit.com\/fr\/home\/"},{"@type":"ListItem","position":2,"name":"ASSURANCE ANNULATION"}]},{"@type":"WebSite","@id":"https:\/\/sagavinaestartit.com\/fr\/#website","url":"https:\/\/sagavinaestartit.com\/fr\/","name":"Sa Gavina Apartaments","description":"Sa Gavina Apartments","publisher":{"@id":"https:\/\/sagavinaestartit.com\/fr\/#organization"},"potentialAction":[{"@type":"SearchAction","target":{"@type":"EntryPoint","urlTemplate":"https:\/\/sagavinaestartit.com\/fr\/?s={search_term_string}"},"query-input":{"@type":"PropertyValueSpecification","valueRequired":true,"valueName":"search_term_string"}}],"inLanguage":"fr-FR"},{"@type":"Organization","@id":"https:\/\/sagavinaestartit.com\/fr\/#organization","name":"Sa Gavina Apartments","url":"https:\/\/sagavinaestartit.com\/fr\/","logo":{"@type":"ImageObject","inLanguage":"fr-FR","@id":"https:\/\/sagavinaestartit.com\/fr\/#\/schema\/logo\/image\/","url":"https:\/\/sagavinaestartit.com\/wp-content\/uploads\/2024\/12\/3-1.png","contentUrl":"https:\/\/sagavinaestartit.com\/wp-content\/uploads\/2024\/12\/3-1.png","width":500,"height":200,"caption":"Sa Gavina Apartments"},"image":{"@id":"https:\/\/sagavinaestartit.com\/fr\/#\/schema\/logo\/image\/"}}]}},"_links":{"self":[{"href":"https:\/\/sagavinaestartit.com\/fr\/wp-json\/wp\/v2\/pages\/30171","targetHints":{"allow":["GET"]}}],"collection":[{"href":"https:\/\/sagavinaestartit.com\/fr\/wp-json\/wp\/v2\/pages"}],"about":[{"href":"https:\/\/sagavinaestartit.com\/fr\/wp-json\/wp\/v2\/types\/page"}],"author":[{"embeddable":true,"href":"https:\/\/sagavinaestartit.com\/fr\/wp-json\/wp\/v2\/users\/1"}],"replies":[{"embeddable":true,"href":"https:\/\/sagavinaestartit.com\/fr\/wp-json\/wp\/v2\/comments?post=30171"}],"version-history":[{"count":0,"href":"https:\/\/sagavinaestartit.com\/fr\/wp-json\/wp\/v2\/pages\/30171\/revisions"}],"wp:featuredmedia":[{"embeddable":true,"href":"https:\/\/sagavinaestartit.com\/fr\/wp-json\/wp\/v2\/media\/4200"}],"wp:attachment":[{"href":"https:\/\/sagavinaestartit.com\/fr\/wp-json\/wp\/v2\/media?parent=30171"}],"curies":[{"name":"wp","href":"https:\/\/api.w.org\/{rel}","templated":true}]}}