{"id":34277,"date":"2025-08-18T11:10:47","date_gmt":"2025-08-18T09:10:47","guid":{"rendered":"https:\/\/sagavinaestartit.com\/avis-legal-imprint\/"},"modified":"2026-03-31T13:41:59","modified_gmt":"2026-03-31T11:41:59","slug":"avis-legal-imprint","status":"publish","type":"page","link":"https:\/\/sagavinaestartit.com\/ca\/avis-legal-imprint\/","title":{"rendered":"Av\u00eds Legal \/ Imprint"},"content":{"rendered":"\n<!-- Legal document generated by Complianz | GDPR\/CCPA Cookie Consent https:\/\/wordpress.org\/plugins\/complianz-gdpr -->\n<div id=\"cmplz-document\" class=\"cmplz-document impressum cmplz-document-all\"><p><i>Aquesta impressi\u00f3 es va actualitzar per \u00faltima vegada el 1 de setembre de 2025.<\/i><\/p><p class=\"cmplz-subtitle\">El propietari d&#039;aquest lloc web \u00e9s:<\/p><p>INMOBILIARIA ROCA MAURA, S.A. S.A.<br>Carrer Arquitecte Gaud\u00ed, 1, 17258 \u2013 L\u2019Estartit, Girona<br>Espanya<br>Correu electr\u00f2nic:&nbsp;<span class=\"cmplz-obfuscate\">in&#102;&#111;@<span class=\"cmplz-fmail-domain\">&#101;x&#046;&#099;&#111;m<\/span>s&#097;gavina&#101;sta&#114;&#116;&#105;&#116;&#046;c&#111;&#109;<\/span><br>Tel\u00e8fon: +34 972 750 313<br>n\u00famero d&#8217;IVA:&nbsp;A08208027<\/p><h2>1. General<\/h2><p class=\"cmplz-subtitle\">1.1 Estem registrats a Registro Mercantil de Barcelona amb la llic\u00e8ncia o el n\u00famero de registre:<\/p><p>tomo 1601, folio 12, hoja 20349<\/p><p>Estem disposats o obligats a participar en procediments de resoluci\u00f3 de disputes davant una junta d&#8217;arbitratge de consum.<\/p><h2>2. La informaci\u00f3 seg\u00fcent \u00e9s obligat\u00f2ria segons la llei alemanya.<\/h2><\/div>","protected":false},"excerpt":{"rendered":"","protected":false},"author":1,"featured_media":0,"parent":0,"menu_order":0,"comment_status":"closed","ping_status":"closed","template":"","meta":{"footnotes":""},"class_list":["post-34277","page","type-page","status-publish","hentry"],"yoast_head":"<!-- This site is optimized with the Yoast SEO plugin v27.1.1 - https:\/\/yoast.com\/product\/yoast-seo-wordpress\/ -->\n<title>Av\u00eds Legal \/ Imprint | Apartaments a l&#039;Estartit<\/title>\n<meta name=\"robots\" content=\"index, follow, max-snippet:-1, max-image-preview:large, max-video-preview:-1\" \/>\n<link rel=\"canonical\" href=\"https:\/\/sagavinaestartit.com\/ca\/avis-legal-imprint\/\" \/>\n<meta property=\"og:locale\" content=\"ca_ES\" \/>\n<meta property=\"og:type\" content=\"article\" \/>\n<meta property=\"og:title\" content=\"Av\u00eds Legal \/ Imprint | Apartaments a l&#039;Estartit\" \/>\n<meta property=\"og:url\" content=\"https:\/\/sagavinaestartit.com\/ca\/avis-legal-imprint\/\" \/>\n<meta property=\"og:site_name\" content=\"Apartaments a l&#039;Estartit\" \/>\n<meta property=\"article:modified_time\" content=\"2026-03-31T11:41:59+00:00\" \/>\n<meta name=\"twitter:card\" content=\"summary_large_image\" \/>\n<script type=\"application\/ld+json\" class=\"yoast-schema-graph\">{\"@context\":\"https:\/\/schema.org\",\"@graph\":[{\"@type\":\"WebPage\",\"@id\":\"https:\/\/sagavinaestartit.com\/ca\/avis-legal-imprint\/\",\"url\":\"https:\/\/sagavinaestartit.com\/ca\/avis-legal-imprint\/\",\"name\":\"Av\u00eds Legal \/ Imprint | Apartaments a l'Estartit\",\"isPartOf\":{\"@id\":\"https:\/\/sagavinaestartit.com\/ca\/#website\"},\"datePublished\":\"2025-08-18T09:10:47+00:00\",\"dateModified\":\"2026-03-31T11:41:59+00:00\",\"breadcrumb\":{\"@id\":\"https:\/\/sagavinaestartit.com\/ca\/avis-legal-imprint\/#breadcrumb\"},\"inLanguage\":\"ca\",\"potentialAction\":[{\"@type\":\"ReadAction\",\"target\":[\"https:\/\/sagavinaestartit.com\/ca\/avis-legal-imprint\/\"]}]},{\"@type\":\"BreadcrumbList\",\"@id\":\"https:\/\/sagavinaestartit.com\/ca\/avis-legal-imprint\/#breadcrumb\",\"itemListElement\":[{\"@type\":\"ListItem\",\"position\":1,\"name\":\"Portada\",\"item\":\"https:\/\/sagavinaestartit.com\/ca\/home\/\"},{\"@type\":\"ListItem\",\"position\":2,\"name\":\"Av\u00eds Legal \/ Imprint\"}]},{\"@type\":\"WebSite\",\"@id\":\"https:\/\/sagavinaestartit.com\/ca\/#website\",\"url\":\"https:\/\/sagavinaestartit.com\/ca\/\",\"name\":\"Sa Gavina Apartaments\",\"description\":\"Sa Gavina Apartaments\",\"publisher\":{\"@id\":\"https:\/\/sagavinaestartit.com\/ca\/#organization\"},\"potentialAction\":[{\"@type\":\"SearchAction\",\"target\":{\"@type\":\"EntryPoint\",\"urlTemplate\":\"https:\/\/sagavinaestartit.com\/ca\/?s={search_term_string}\"},\"query-input\":{\"@type\":\"PropertyValueSpecification\",\"valueRequired\":true,\"valueName\":\"search_term_string\"}}],\"inLanguage\":\"ca\"},{\"@type\":\"Organization\",\"@id\":\"https:\/\/sagavinaestartit.com\/ca\/#organization\",\"name\":\"Sa Gavina Apartaments\",\"url\":\"https:\/\/sagavinaestartit.com\/ca\/\",\"logo\":{\"@type\":\"ImageObject\",\"inLanguage\":\"ca\",\"@id\":\"https:\/\/sagavinaestartit.com\/ca\/#\/schema\/logo\/image\/\",\"url\":\"https:\/\/sagavinaestartit.com\/wp-content\/uploads\/2024\/12\/3-1.png\",\"contentUrl\":\"https:\/\/sagavinaestartit.com\/wp-content\/uploads\/2024\/12\/3-1.png\",\"width\":500,\"height\":200,\"caption\":\"Sa Gavina Apartaments\"},\"image\":{\"@id\":\"https:\/\/sagavinaestartit.com\/ca\/#\/schema\/logo\/image\/\"}}]}<\/script>\n<!-- \/ Yoast SEO plugin. -->","yoast_head_json":{"title":"Av\u00eds Legal \/ Imprint | Apartaments a l'Estartit","robots":{"index":"index","follow":"follow","max-snippet":"max-snippet:-1","max-image-preview":"max-image-preview:large","max-video-preview":"max-video-preview:-1"},"canonical":"https:\/\/sagavinaestartit.com\/ca\/avis-legal-imprint\/","og_locale":"ca_ES","og_type":"article","og_title":"Av\u00eds Legal \/ Imprint | Apartaments a l'Estartit","og_url":"https:\/\/sagavinaestartit.com\/ca\/avis-legal-imprint\/","og_site_name":"Apartaments a l'Estartit","article_modified_time":"2026-03-31T11:41:59+00:00","twitter_card":"summary_large_image","schema":{"@context":"https:\/\/schema.org","@graph":[{"@type":"WebPage","@id":"https:\/\/sagavinaestartit.com\/ca\/avis-legal-imprint\/","url":"https:\/\/sagavinaestartit.com\/ca\/avis-legal-imprint\/","name":"Av\u00eds Legal \/ Imprint | Apartaments a l'Estartit","isPartOf":{"@id":"https:\/\/sagavinaestartit.com\/ca\/#website"},"datePublished":"2025-08-18T09:10:47+00:00","dateModified":"2026-03-31T11:41:59+00:00","breadcrumb":{"@id":"https:\/\/sagavinaestartit.com\/ca\/avis-legal-imprint\/#breadcrumb"},"inLanguage":"ca","potentialAction":[{"@type":"ReadAction","target":["https:\/\/sagavinaestartit.com\/ca\/avis-legal-imprint\/"]}]},{"@type":"BreadcrumbList","@id":"https:\/\/sagavinaestartit.com\/ca\/avis-legal-imprint\/#breadcrumb","itemListElement":[{"@type":"ListItem","position":1,"name":"Portada","item":"https:\/\/sagavinaestartit.com\/ca\/home\/"},{"@type":"ListItem","position":2,"name":"Av\u00eds Legal \/ Imprint"}]},{"@type":"WebSite","@id":"https:\/\/sagavinaestartit.com\/ca\/#website","url":"https:\/\/sagavinaestartit.com\/ca\/","name":"Sa Gavina Apartaments","description":"Sa Gavina Apartaments","publisher":{"@id":"https:\/\/sagavinaestartit.com\/ca\/#organization"},"potentialAction":[{"@type":"SearchAction","target":{"@type":"EntryPoint","urlTemplate":"https:\/\/sagavinaestartit.com\/ca\/?s={search_term_string}"},"query-input":{"@type":"PropertyValueSpecification","valueRequired":true,"valueName":"search_term_string"}}],"inLanguage":"ca"},{"@type":"Organization","@id":"https:\/\/sagavinaestartit.com\/ca\/#organization","name":"Sa Gavina Apartaments","url":"https:\/\/sagavinaestartit.com\/ca\/","logo":{"@type":"ImageObject","inLanguage":"ca","@id":"https:\/\/sagavinaestartit.com\/ca\/#\/schema\/logo\/image\/","url":"https:\/\/sagavinaestartit.com\/wp-content\/uploads\/2024\/12\/3-1.png","contentUrl":"https:\/\/sagavinaestartit.com\/wp-content\/uploads\/2024\/12\/3-1.png","width":500,"height":200,"caption":"Sa Gavina Apartaments"},"image":{"@id":"https:\/\/sagavinaestartit.com\/ca\/#\/schema\/logo\/image\/"}}]}},"_links":{"self":[{"href":"https:\/\/sagavinaestartit.com\/ca\/wp-json\/wp\/v2\/pages\/34277","targetHints":{"allow":["GET"]}}],"collection":[{"href":"https:\/\/sagavinaestartit.com\/ca\/wp-json\/wp\/v2\/pages"}],"about":[{"href":"https:\/\/sagavinaestartit.com\/ca\/wp-json\/wp\/v2\/types\/page"}],"author":[{"embeddable":true,"href":"https:\/\/sagavinaestartit.com\/ca\/wp-json\/wp\/v2\/users\/1"}],"replies":[{"embeddable":true,"href":"https:\/\/sagavinaestartit.com\/ca\/wp-json\/wp\/v2\/comments?post=34277"}],"version-history":[{"count":1,"href":"https:\/\/sagavinaestartit.com\/ca\/wp-json\/wp\/v2\/pages\/34277\/revisions"}],"predecessor-version":[{"id":36640,"href":"https:\/\/sagavinaestartit.com\/ca\/wp-json\/wp\/v2\/pages\/34277\/revisions\/36640"}],"wp:attachment":[{"href":"https:\/\/sagavinaestartit.com\/ca\/wp-json\/wp\/v2\/media?parent=34277"}],"curies":[{"name":"wp","href":"https:\/\/api.w.org\/{rel}","templated":true}]}}