{"id":30397,"date":"2024-12-13T09:16:46","date_gmt":"2024-12-13T08:16:46","guid":{"rendered":"https:\/\/sagavinaestartit.com\/privacy_policy\/"},"modified":"2026-04-10T13:37:22","modified_gmt":"2026-04-10T11:37:22","slug":"privacy_policy","status":"publish","type":"page","link":"https:\/\/sagavinaestartit.com\/ca\/privacy_policy\/","title":{"rendered":"Avis Legal"},"content":{"rendered":"<div class=\"fusion-fullwidth fullwidth-box fusion-builder-row-1 fusion-flex-container has-pattern-background has-mask-background nonhundred-percent-fullwidth non-hundred-percent-height-scrolling\" style=\"--awb-border-radius-top-left:0px;--awb-border-radius-top-right:0px;--awb-border-radius-bottom-right:0px;--awb-border-radius-bottom-left:0px;--awb-padding-top:0px;--awb-padding-bottom:90px;--awb-margin-top:0px;--awb-flex-wrap:wrap;\" ><div class=\"fusion-builder-row fusion-row fusion-flex-align-items-flex-start fusion-flex-content-wrap\" style=\"max-width:1216.8px;margin-left: calc(-4% \/ 2 );margin-right: calc(-4% \/ 2 );\"><div class=\"fusion-layout-column fusion_builder_column fusion-builder-column-0 fusion_builder_column_1_1 1_1 fusion-flex-column\" style=\"--awb-bg-size:cover;--awb-width-large:100%;--awb-margin-top-large:0px;--awb-spacing-right-large:1.92%;--awb-margin-bottom-large:20px;--awb-spacing-left-large:1.92%;--awb-width-medium:100%;--awb-order-medium:0;--awb-spacing-right-medium:1.92%;--awb-spacing-left-medium:1.92%;--awb-width-small:100%;--awb-order-small:0;--awb-spacing-right-small:1.92%;--awb-spacing-left-small:1.92%;\"><div class=\"fusion-column-wrapper fusion-column-has-shadow fusion-flex-justify-content-flex-start fusion-content-layout-column\"><div class=\"fusion-text fusion-text-1\"><h3>AVISO LEGAL<\/h3>\n<h5><strong>DADES DEL TITULAR DE LA P\u00c0GINA WEB:<\/strong><\/h5>\n<p><strong>INMOBILIARIA ROCA MAURA, S.A. per reserves a els Apartaments Sa Gavina Estartit<\/strong><\/p>\n<p>Domicili: Calle Arquitecte Gaud\u00ed, 1, 17258 \u2013 L\u2019Estartit, Girona<\/p>\n<p>CIF: A08208027<\/p>\n<p>Correu electr\u00f2nic: info@sagavinaestartit.com<\/p>\n<p>Tel\u00e8fon: 972750313<\/p>\n<p>Dades del Registre Mercantil: Registre Mercantil de Barcelona, tomo1601, foli 12, full 20349<\/p>\n<p>Associat al Col\u00b7legi d\u2019Agents de la Propietat Immobili\u00e0ria de Girona: 0565<\/p>\n<p><strong>PROMROBE , CB, per reserves a els Apartamentos Sa Gavina Anexo C<\/strong><\/p>\n<p>Domicili: Calle Balmes 421, 8 A- Barcelona<\/p>\n<p>CIF: E64887847<\/p>\n<p>Correu electr\u00f3nic: sagavinaestartit@gmail.com<\/p>\n<p>Tel\u00e8fon: 972750313<\/p>\n<h5><strong>COOKIES<\/strong><\/h5>\n<p>IMMOBILI\u00c0RIA ROCA MAURA, S.A., i Promrobe CB, poden demanar informaci\u00f3 estad\u00edstica sobre el vostre ordinador mitjan\u00e7ant l&#8217;\u00fas de cookies amb la finalitat de millorar la P\u00e0gina Web ia prestar un servei millor i m\u00e9s personalitzat. En cas que no vulgueu l&#8217;\u00fas de les galetes al vostre ordinador, podeu activar la configuraci\u00f3 del vostre navegador que permet rebutjar-los o esborrar-los. Si seleccioneu aquesta configuraci\u00f3, podreu seguir usant la P\u00e0gina Web, si b\u00e9 aix\u00f2 podr\u00e0 suposar la limitaci\u00f3 en l&#8217;\u00fas d&#8217;algunes de les prestacions o impedir el bon funcionament de la P\u00e0gina Web.  <\/p>\n<h5><strong>DADES RECOLLIDES<\/strong><\/h5>\n<p>IMMOBILI\u00c0RIA ROCA MAURA, S.A. i Promrobe CB, mantenen una rigorosa pol\u00edtica de privadesa amb les dades dels seus usuaris. Per aix\u00f2, informem que les dades personals demanades als formularis presents en aquesta p\u00e0gina web seran tractades de manera confidencial i seran guardades en un fitxer automatitzat sota la titularitat d&#8217;IMMOBILI\u00c0RIA ROCA MAURA, S.A i Promrobe CB respectivament, amb les finalitats descrites en els avisos establerts per a cada sup\u00f2sit en qu\u00e8 es recullin les seves dades personals. <\/p>\n<h5><strong>COMUNICACIONS COMERCIALS<\/strong><\/h5>\n<p>En cas que vost\u00e8 no vulgui rebre comunicacions comercials podr\u00e0 seleccionar la casella destinada a aquest efecte als formularis de recollida de dades o dirigir-se en qualsevol moment a IMMOBILI\u00c0RIA ROCA MAURA, SA oa Promrobe CB, per correu electr\u00f2nic o mitjan\u00e7ant un escrit al seu domicili.<\/p>\n<h5><strong>COMUNICACI\u00d3 DE DADES<\/strong><\/h5>\n<p>No comunicarem a tercers la seva informaci\u00f3 de car\u00e0cter personal, excepte de forma an\u00f2nima o agregada, o en la forma determinada en els avisos establerts per a cada sup\u00f2sit en qu\u00e8 es recullin les seves dades personals.<\/p>\n<h5><strong>ELS SEUS DRETS<\/strong><\/h5>\n<p>Vost\u00e8 t\u00e9 garantida la possibilitat d&#8217;exercir els drets d&#8217;acc\u00e9s, cancel\u00b7laci\u00f3, rectificaci\u00f3 i oposici\u00f3 mitjan\u00e7ant un escrit al domicili d&#8217;IMMOBILI\u00c0RIA ROCA MAURA, SA al de Promrobe CB, a les seves adreces d&#8217;e-mail, on indicar\u00e0 el seu nom i cognoms i adjuntar\u00e0 fotoc\u00f2pia del DNI. Mentre no ens comuniqueu el contrari, entendrem que les vostres dades no han estat modificades. No us oblideu de notificar-nos qualsevol modificaci\u00f3 en les vostres dades personals.  <\/p>\n<h5><strong>PUBLICITAT<\/strong><\/h5>\n<p>La P\u00e0gina Web tamb\u00e9 pot albergar publicitat pr\u00f2pia, d\u2019afiliats, o de xarxes publicit\u00e0ries. Aquesta publicitat es mostra mitjan\u00e7ant servidors publicitaris que tamb\u00e9 poden utilitzar cookies per mostrar continguts publicitaris afins. Cadascun d\u2019aquests servidors publicitaris disposa de la seva pr\u00f2pia pol\u00edtica de privacitat, que pot ser consultada en les seves pr\u00f2pies p\u00e0gines web.  <\/p>\n<h4><strong>CONDICIONS D\u2019\u00daS DE LA WEB<\/strong><\/h4>\n<h5><strong>1. CONDICIONS D\u2019\u00daS I ACCEPTACI\u00d3<\/strong><\/h5>\n<p>1.1. Les presents Condicions d&#8217;\u00das de la Web, juntament amb la Pol\u00edtica de Privadesa, tenen per finalitat regular la posada a disposici\u00f3 de la informaci\u00f3 i les relacions comercials que sorgeixin entre Immobiliaria Roca Maura, S.A. i Promrobe CB, (d&#8217;ara endavant, \u201cSA GAVINA\u201d) i els Usuaris de www.sagavinaestartit.com (d&#8217;ara endavant, \u201cP\u00e0gina Web\u201d).<\/p>\n<p>1.2. Per la navegaci\u00f3 per la P\u00e0gina Web, vost\u00e8 adquireix la condici\u00f3 d&#8217;Usuari (d&#8217;ara endavant, \u201cUSUARI\u201d) i accepta sense reserves de cap classe, totes i cadascuna de les presents Condicions d&#8217;\u00das del Web i la Pol\u00edtica de Privadesa.<\/p>\n<p>Vost\u00e8 en navegar i visitar aquesta web accepta impl\u00edcitament que \u00e9s m\u00e9s gran, 18 anys, i per tant que pot realitzar un contracte de reserva d&#8217;allotjament. Els menors de 18 anys seran acompanyats pels seus progenitors o tutors legals durant la seva estada als allotjaments. El titular de la reserva ha de tenir 25 anys o m\u00e9s d&#8217;edat.  <\/p>\n<p>1.3. SA GAVINA no ser\u00e0 responsable, ni indirectament ni subsidi\u00e0riament, dels danys i perjudicis de qualsevol naturalesa derivades de l&#8217;\u00fas de la P\u00e0gina Web que sigui contrari al que estableixen aquestes Condicions d&#8217;\u00das del Web o de la Pol\u00edtica de Privadesa.<\/p>\n<p>1.4. SA GAVINA podr\u00e0 en tot moment i sense av\u00eds previ modificar les presents Condicions d&#8217;\u00das de la Web mitjan\u00e7ant la publicaci\u00f3 d&#8217;aquestes modificacions a la P\u00e0gina Web a fi que puguin ser conegudes pels USUARIS.<\/p>\n<h5><strong>2. PROPIETAT INTEL\u2022LECTUAL I DRETS INDUSTRIALS<\/strong><\/h5>\n<p>2.1. Aquesta P\u00e0gina Web, incloent a t\u00edtol enunciatiu per\u00f2 no limitatiu la seva programaci\u00f3, edici\u00f3, compilaci\u00f3, dissenys, logotips, imatges, text i gr\u00e0fics, s\u00f3n propietat de SA GAVINA, i estan protegits per la normativa nacional i internacional sobre propietat intel\u00b7lectual. L&#8217;acc\u00e9s per part de l&#8217;USUARI a la p\u00e0gina web no us atorga cap dret de propietat sobre aquests. <\/p>\n<p>2.2. Si vost\u00e8 veu a la P\u00e0gina Web qualsevol contingut que pogu\u00e9s vulnerar drets de propietat intel\u00b7lectual i industrial, preguem ho posin en coneixement de SA GAVINA el m\u00e9s aviat possible, remetent un correu electr\u00f2nic a l&#8217;adre\u00e7a info@sagavinaestartit.com<\/p>\n<h5><strong>3. RESPONSABILITAT<\/strong><\/h5>\n<p>3.1. SA GAVINA podr\u00e0 suspendre, retirar o cancel\u00b7lar parcialment o totalment els b\u00e9ns sotmesos a contractaci\u00f3 en qualsevol moment i sense necessitat d&#8217;av\u00eds previ. La previsi\u00f3 anterior no afectar\u00e0 aquells serveis que estan reservats per a USUARIS registrats o que s\u00f3n objecte de contractaci\u00f3 pr\u00e8via i que es regiran per les seves condicions espec\u00edfiques. <\/p>\n<p>3.2. SA GAVINA no controla, amb car\u00e0cter general, la utilitzaci\u00f3 que els USUARIS fan de la p\u00e0gina web. En particular SA GAVINA no garanteix sota cap extrem que els USUARIS utilitzin la P\u00e0gina Web de conformitat amb la llei, aquestes Condicions d&#8217;\u00das de la Web, la moral i bons costums generalment acceptats i l&#8217;ordre p\u00fablic, ni tampoc que ho facin de forma diligent i prudent. <\/p>\n<p>3.3. En cas que a la P\u00e0gina Web es disposessin enlla\u00e7os o hipervincles cap a altres llocs d&#8217;Internet, SA GAVINA no exercir\u00e0 cap tipus de control sobre aquests llocs i continguts. En cap cas SA GAVINA assumir\u00e0 cap responsabilitat pels continguts d&#8217;algun enlla\u00e7 pertanyent a una web aliena, ni garantir\u00e0 la disponibilitat t\u00e8cnica, qualitat i veracitat de qualsevol material o informaci\u00f3 continguda al capdavant dels hipervincles o altres llocs d&#8217;Internet. En qualsevol cas, SA GAVINA es compromet a retirar immediatament l&#8217;enlla\u00e7 al contingut il\u00b7legal a partir del coneixement efectiu.  <\/p>\n<h5><strong>4. EXCLUSI\u00d3 DE GARANTIA<\/strong><\/h5>\n<p>4.1. SA GAVINA no garanteix que la p\u00e0gina web s&#8217;executi sense interrupcions, en temps \u00fatil, fiable o lliure d&#8217;errors. SA GAVINA no garanteix que la web i el servidor estiguin lliures de virus i no es fa responsable dels possibles danys o perjudicis que es puguin derivar dinterfer\u00e8ncies, omissions, interrupcions, virus inform\u00e0tics o desconnexions en el sistema operatiu daquest sistema electr\u00f2nic, motivades per causes alienes a SA GAVINA. <\/p>\n<p>4.2. \u00c9s responsabilitat de l&#8217;USUARI adoptar totes les mesures t\u00e8cniques adequades per controlar raonablement aquests riscos i evitar danys als seus equips, p\u00e8rdua de dades i robatori d&#8217;informaci\u00f3 confidencial. A aquests efectes, ha de tenir sistemes actualitzats de detecci\u00f3 de programari malici\u00f3s, com ara virus, troians, etc., aix\u00ed com tenir actualitzats els pegats de seguretat dels navegadors corresponents que utilitzi. <\/p>\n<p>4.3. SA GAVINA es compromet a realitzar els seus millors esfor\u00e7os per evitar qualsevol error en els continguts que poguessin apar\u00e8ixer a la p\u00e0gina web. En qualsevol cas, SA GAVINA estar\u00e0 exempta de qualsevol responsabilitat derivada d&#8217;eventuals errors en els continguts que poguessin apar\u00e8ixer a la p\u00e0gina web. <\/p>\n<h5><strong>5. OBLIGACIONS DELS USUARIS<\/strong><\/h5>\n<p>A t\u00edtol enunciatiu, i en cap cas limitatiu o excloent, l&#8217;USUARI es compromet a:<\/p>\n<p>5.1. No introduir, emmagatzemar o difondre en o des de la P\u00e0gina Web qualsevol informaci\u00f3 de car\u00e0cter difamatori, injuri\u00f3s, obsc\u00e8, amena\u00e7ador, xen\u00f2fob, que inciti a la viol\u00e8ncia a la discriminaci\u00f3 per ra\u00f3 de ra\u00e7a, sexe, ideologia, religi\u00f3 o que de qualsevol manera atempti contra la moral, l&#8217;ordre p\u00fablic, els drets fonamentals, les llibertats p\u00fabliques, l&#8217;honor;<\/p>\n<p>5.2. No introduir, emmagatzemar o difondre en o des de la p\u00e0gina web qualsevol contingut que infringeixi drets de propietat intel\u00b7lectual i industrial, el secret de les comunicacions i la legislaci\u00f3 de protecci\u00f3 de dades de car\u00e0cter personal;<\/p>\n<p>5.3. No introduir, emmagatzemar o difondre mitjan\u00e7ant la P\u00e0gina Web cap programa d&#8217;ordinador, dades, virus, codi, equip de maquinari o de telecomunicacions o qualsevol altre instrument o dispositiu electr\u00f2nic o f\u00edsic que sigui susceptible de causar danys a la P\u00e0gina Web, a qualsevol USUARI, als prove\u00efdors de SA GAVINA o en general a qualsevol tercer, o d&#8217;impedir-ne el funcionament normal;<\/p>\n<p>5.4. No destruir, alterar, utilitzar per al seu \u00fas, inutilitzar o fer malb\u00e9 les dades, informacions, programes o documents electr\u00f2nics de SA GAVINA, els seus prove\u00efdors o tercers;<\/p>\n<p>5.5. L&#8217;USUARI accepta no dur a terme cap acci\u00f3 que provoqui una saturaci\u00f3 desproporcionada o innecess\u00e0ria a la infraestructura de la P\u00e0gina Web o als sistemes o xarxes de SA GAVINA, aix\u00ed com als sistemes i xarxes connectats a la P\u00e0gina Web oa SA GAVINA.<\/p>\n<h5><strong>6. DURADA I TERMINACI\u00d3<\/strong><\/h5>\n<p>La posada a disposici\u00f3 de la informaci\u00f3, la prestaci\u00f3 dels serveis i els continguts de la p\u00e0gina web t\u00e9 una durada indefinida. Sense perjudici d&#8217;aix\u00f2, SA GAVINA est\u00e0 facultada per donar per acabada, suspendre o interrompre unilateralment, en qualsevol moment i sense necessitat de preav\u00eds, la prestaci\u00f3 del servei i de la p\u00e0gina web. <\/p>\n<h5><strong>7. VARIS<\/strong><\/h5>\n<p>7.1. SA GAVINA podr\u00e0 oferir la seva p\u00e0gina web a l&#8217;USUARI en diverses lleng\u00fces. Tot i aix\u00f2, davant de qualsevol conflicte relacionat amb la interpretaci\u00f3 de les Condicions Generals, haur\u00e0 de prevaler la versi\u00f3 en castell\u00e0 sobre la resta. <\/p>\n<p>7.2. En cas que alguna de les cl\u00e0usules de les Condicions Generals sigui declarada nul\u00b7la, la seva validesa en el seu conjunt no queda afectada per aquesta circumst\u00e0ncia. La cl\u00e0usula declarada nul\u00b7la ser\u00e0 substitu\u00efda per una de nova, o interpretada d&#8217;una manera legalment acceptable. <\/p>\n<h5><strong>8. LEGISLACI\u00d3 APLICABLE I JURISDICCI\u00d3<\/strong><\/h5>\n<p>Totes les q\u00fcestions relatives a aquest lloc web es regiran per la legislaci\u00f3 espanyola i se sotmeten a la jurisdicci\u00f3 dels Jutjats i Tribunals de la Bisbal d\u2019Empord\u00e0.<\/p>\n<\/div><\/div><\/div><\/div><\/div>\n","protected":false},"excerpt":{"rendered":"","protected":false},"author":1,"featured_media":4197,"parent":0,"menu_order":0,"comment_status":"open","ping_status":"closed","template":"100-width.php","meta":{"footnotes":""},"class_list":["post-30397","page","type-page","status-publish","has-post-thumbnail","hentry"],"yoast_head":"<!-- This site is optimized with the Yoast SEO plugin v27.1.1 - https:\/\/yoast.com\/product\/yoast-seo-wordpress\/ -->\n<title>Avis Legal | Apartaments a l&#039;Estartit<\/title>\n<meta name=\"robots\" content=\"index, follow, max-snippet:-1, max-image-preview:large, max-video-preview:-1\" \/>\n<link rel=\"canonical\" href=\"https:\/\/sagavinaestartit.com\/ca\/privacy_policy\/\" \/>\n<meta property=\"og:locale\" content=\"ca_ES\" \/>\n<meta property=\"og:type\" content=\"article\" \/>\n<meta property=\"og:title\" content=\"Avis Legal | Apartaments a l&#039;Estartit\" \/>\n<meta property=\"og:url\" content=\"https:\/\/sagavinaestartit.com\/ca\/privacy_policy\/\" \/>\n<meta property=\"og:site_name\" content=\"Apartaments a l&#039;Estartit\" \/>\n<meta property=\"article:modified_time\" content=\"2026-04-10T11:37:22+00:00\" \/>\n<meta property=\"og:image\" content=\"https:\/\/sagavinaestartit.com\/wp-content\/uploads\/2024\/12\/header_title.png\" \/>\n\t<meta property=\"og:image:width\" content=\"2000\" \/>\n\t<meta property=\"og:image:height\" content=\"500\" \/>\n\t<meta property=\"og:image:type\" content=\"image\/png\" \/>\n<meta name=\"twitter:card\" content=\"summary_large_image\" \/>\n<meta name=\"twitter:label1\" content=\"Temps estimat de lectura\" \/>\n\t<meta name=\"twitter:data1\" content=\"8 minuts\" \/>\n<script type=\"application\/ld+json\" class=\"yoast-schema-graph\">{\"@context\":\"https:\/\/schema.org\",\"@graph\":[{\"@type\":\"WebPage\",\"@id\":\"https:\/\/sagavinaestartit.com\/ca\/privacy_policy\/\",\"url\":\"https:\/\/sagavinaestartit.com\/ca\/privacy_policy\/\",\"name\":\"Avis Legal | Apartaments a l'Estartit\",\"isPartOf\":{\"@id\":\"https:\/\/sagavinaestartit.com\/ca\/#website\"},\"primaryImageOfPage\":{\"@id\":\"https:\/\/sagavinaestartit.com\/ca\/privacy_policy\/#primaryimage\"},\"image\":{\"@id\":\"https:\/\/sagavinaestartit.com\/ca\/privacy_policy\/#primaryimage\"},\"thumbnailUrl\":\"https:\/\/sagavinaestartit.com\/wp-content\/uploads\/2024\/12\/header_title.png\",\"datePublished\":\"2024-12-13T08:16:46+00:00\",\"dateModified\":\"2026-04-10T11:37:22+00:00\",\"breadcrumb\":{\"@id\":\"https:\/\/sagavinaestartit.com\/ca\/privacy_policy\/#breadcrumb\"},\"inLanguage\":\"ca\",\"potentialAction\":[{\"@type\":\"ReadAction\",\"target\":[\"https:\/\/sagavinaestartit.com\/ca\/privacy_policy\/\"]}]},{\"@type\":\"ImageObject\",\"inLanguage\":\"ca\",\"@id\":\"https:\/\/sagavinaestartit.com\/ca\/privacy_policy\/#primaryimage\",\"url\":\"https:\/\/sagavinaestartit.com\/wp-content\/uploads\/2024\/12\/header_title.png\",\"contentUrl\":\"https:\/\/sagavinaestartit.com\/wp-content\/uploads\/2024\/12\/header_title.png\",\"width\":2000,\"height\":500,\"caption\":\"apartamentos estartit\"},{\"@type\":\"BreadcrumbList\",\"@id\":\"https:\/\/sagavinaestartit.com\/ca\/privacy_policy\/#breadcrumb\",\"itemListElement\":[{\"@type\":\"ListItem\",\"position\":1,\"name\":\"Portada\",\"item\":\"https:\/\/sagavinaestartit.com\/ca\/home\/\"},{\"@type\":\"ListItem\",\"position\":2,\"name\":\"Avis Legal\"}]},{\"@type\":\"WebSite\",\"@id\":\"https:\/\/sagavinaestartit.com\/ca\/#website\",\"url\":\"https:\/\/sagavinaestartit.com\/ca\/\",\"name\":\"Sa Gavina Apartaments\",\"description\":\"Sa Gavina Apartaments\",\"publisher\":{\"@id\":\"https:\/\/sagavinaestartit.com\/ca\/#organization\"},\"potentialAction\":[{\"@type\":\"SearchAction\",\"target\":{\"@type\":\"EntryPoint\",\"urlTemplate\":\"https:\/\/sagavinaestartit.com\/ca\/?s={search_term_string}\"},\"query-input\":{\"@type\":\"PropertyValueSpecification\",\"valueRequired\":true,\"valueName\":\"search_term_string\"}}],\"inLanguage\":\"ca\"},{\"@type\":\"Organization\",\"@id\":\"https:\/\/sagavinaestartit.com\/ca\/#organization\",\"name\":\"Sa Gavina Apartaments\",\"url\":\"https:\/\/sagavinaestartit.com\/ca\/\",\"logo\":{\"@type\":\"ImageObject\",\"inLanguage\":\"ca\",\"@id\":\"https:\/\/sagavinaestartit.com\/ca\/#\/schema\/logo\/image\/\",\"url\":\"https:\/\/sagavinaestartit.com\/wp-content\/uploads\/2024\/12\/3-1.png\",\"contentUrl\":\"https:\/\/sagavinaestartit.com\/wp-content\/uploads\/2024\/12\/3-1.png\",\"width\":500,\"height\":200,\"caption\":\"Sa Gavina Apartaments\"},\"image\":{\"@id\":\"https:\/\/sagavinaestartit.com\/ca\/#\/schema\/logo\/image\/\"}}]}<\/script>\n<!-- \/ Yoast SEO plugin. -->","yoast_head_json":{"title":"Avis Legal | Apartaments a l'Estartit","robots":{"index":"index","follow":"follow","max-snippet":"max-snippet:-1","max-image-preview":"max-image-preview:large","max-video-preview":"max-video-preview:-1"},"canonical":"https:\/\/sagavinaestartit.com\/ca\/privacy_policy\/","og_locale":"ca_ES","og_type":"article","og_title":"Avis Legal | Apartaments a l'Estartit","og_url":"https:\/\/sagavinaestartit.com\/ca\/privacy_policy\/","og_site_name":"Apartaments a l'Estartit","article_modified_time":"2026-04-10T11:37:22+00:00","og_image":[{"width":2000,"height":500,"url":"https:\/\/sagavinaestartit.com\/wp-content\/uploads\/2024\/12\/header_title.png","type":"image\/png"}],"twitter_card":"summary_large_image","twitter_misc":{"Temps estimat de lectura":"8 minuts"},"schema":{"@context":"https:\/\/schema.org","@graph":[{"@type":"WebPage","@id":"https:\/\/sagavinaestartit.com\/ca\/privacy_policy\/","url":"https:\/\/sagavinaestartit.com\/ca\/privacy_policy\/","name":"Avis Legal | Apartaments a l'Estartit","isPartOf":{"@id":"https:\/\/sagavinaestartit.com\/ca\/#website"},"primaryImageOfPage":{"@id":"https:\/\/sagavinaestartit.com\/ca\/privacy_policy\/#primaryimage"},"image":{"@id":"https:\/\/sagavinaestartit.com\/ca\/privacy_policy\/#primaryimage"},"thumbnailUrl":"https:\/\/sagavinaestartit.com\/wp-content\/uploads\/2024\/12\/header_title.png","datePublished":"2024-12-13T08:16:46+00:00","dateModified":"2026-04-10T11:37:22+00:00","breadcrumb":{"@id":"https:\/\/sagavinaestartit.com\/ca\/privacy_policy\/#breadcrumb"},"inLanguage":"ca","potentialAction":[{"@type":"ReadAction","target":["https:\/\/sagavinaestartit.com\/ca\/privacy_policy\/"]}]},{"@type":"ImageObject","inLanguage":"ca","@id":"https:\/\/sagavinaestartit.com\/ca\/privacy_policy\/#primaryimage","url":"https:\/\/sagavinaestartit.com\/wp-content\/uploads\/2024\/12\/header_title.png","contentUrl":"https:\/\/sagavinaestartit.com\/wp-content\/uploads\/2024\/12\/header_title.png","width":2000,"height":500,"caption":"apartamentos estartit"},{"@type":"BreadcrumbList","@id":"https:\/\/sagavinaestartit.com\/ca\/privacy_policy\/#breadcrumb","itemListElement":[{"@type":"ListItem","position":1,"name":"Portada","item":"https:\/\/sagavinaestartit.com\/ca\/home\/"},{"@type":"ListItem","position":2,"name":"Avis Legal"}]},{"@type":"WebSite","@id":"https:\/\/sagavinaestartit.com\/ca\/#website","url":"https:\/\/sagavinaestartit.com\/ca\/","name":"Sa Gavina Apartaments","description":"Sa Gavina Apartaments","publisher":{"@id":"https:\/\/sagavinaestartit.com\/ca\/#organization"},"potentialAction":[{"@type":"SearchAction","target":{"@type":"EntryPoint","urlTemplate":"https:\/\/sagavinaestartit.com\/ca\/?s={search_term_string}"},"query-input":{"@type":"PropertyValueSpecification","valueRequired":true,"valueName":"search_term_string"}}],"inLanguage":"ca"},{"@type":"Organization","@id":"https:\/\/sagavinaestartit.com\/ca\/#organization","name":"Sa Gavina Apartaments","url":"https:\/\/sagavinaestartit.com\/ca\/","logo":{"@type":"ImageObject","inLanguage":"ca","@id":"https:\/\/sagavinaestartit.com\/ca\/#\/schema\/logo\/image\/","url":"https:\/\/sagavinaestartit.com\/wp-content\/uploads\/2024\/12\/3-1.png","contentUrl":"https:\/\/sagavinaestartit.com\/wp-content\/uploads\/2024\/12\/3-1.png","width":500,"height":200,"caption":"Sa Gavina Apartaments"},"image":{"@id":"https:\/\/sagavinaestartit.com\/ca\/#\/schema\/logo\/image\/"}}]}},"_links":{"self":[{"href":"https:\/\/sagavinaestartit.com\/ca\/wp-json\/wp\/v2\/pages\/30397","targetHints":{"allow":["GET"]}}],"collection":[{"href":"https:\/\/sagavinaestartit.com\/ca\/wp-json\/wp\/v2\/pages"}],"about":[{"href":"https:\/\/sagavinaestartit.com\/ca\/wp-json\/wp\/v2\/types\/page"}],"author":[{"embeddable":true,"href":"https:\/\/sagavinaestartit.com\/ca\/wp-json\/wp\/v2\/users\/1"}],"replies":[{"embeddable":true,"href":"https:\/\/sagavinaestartit.com\/ca\/wp-json\/wp\/v2\/comments?post=30397"}],"version-history":[{"count":7,"href":"https:\/\/sagavinaestartit.com\/ca\/wp-json\/wp\/v2\/pages\/30397\/revisions"}],"predecessor-version":[{"id":36848,"href":"https:\/\/sagavinaestartit.com\/ca\/wp-json\/wp\/v2\/pages\/30397\/revisions\/36848"}],"wp:featuredmedia":[{"embeddable":true,"href":"https:\/\/sagavinaestartit.com\/ca\/wp-json\/wp\/v2\/media\/4197"}],"wp:attachment":[{"href":"https:\/\/sagavinaestartit.com\/ca\/wp-json\/wp\/v2\/media?parent=30397"}],"curies":[{"name":"wp","href":"https:\/\/api.w.org\/{rel}","templated":true}]}}